{"id":13130,"date":"2024-08-22T03:47:54","date_gmt":"2024-08-22T01:47:54","guid":{"rendered":"https:\/\/ledegaine.fr\/?page_id=13130"},"modified":"2024-09-19T01:07:06","modified_gmt":"2024-09-18T23:07:06","slug":"contributions","status":"publish","type":"page","link":"https:\/\/ledegaine.fr\/en\/contributions\/","title":{"rendered":"Contributions"},"content":{"rendered":"\t\t<div data-elementor-type=\"wp-post\" data-elementor-id=\"13130\" class=\"elementor elementor-13130\" data-elementor-post-type=\"page\">\n\t\t\t\t\t\t<section class=\"elementor-section elementor-top-section elementor-element elementor-element-1186563 elementor-section-content-middle elementor-section-height-min-height elementor-section-boxed elementor-section-height-default elementor-section-items-middle\" data-id=\"1186563\" data-element_type=\"section\" data-e-type=\"section\">\n\t\t\t\t\t\t<div class=\"elementor-container elementor-column-gap-default\">\n\t\t\t\t\t<div class=\"elementor-column elementor-col-100 elementor-top-column elementor-element elementor-element-dfba4dc\" data-id=\"dfba4dc\" data-element_type=\"column\" data-e-type=\"column\">\n\t\t\t<div class=\"elementor-widget-wrap elementor-element-populated\">\n\t\t\t\t\t\t<div class=\"elementor-element elementor-element-54f04ad elementor-widget elementor-widget-heading\" data-id=\"54f04ad\" data-element_type=\"widget\" data-e-type=\"widget\" data-widget_type=\"heading.default\">\n\t\t\t\t<div class=\"elementor-widget-container\">\n\t\t\t\t\t<h2 class=\"elementor-heading-title elementor-size-default\">FAIRE \u00c9VOLUER LE DEGAINE<\/h2>\t\t\t\t<\/div>\n\t\t\t\t<\/div>\n\t\t\t\t\t<\/div>\n\t\t<\/div>\n\t\t\t\t\t<\/div>\n\t\t<\/section>\n\t\t\t\t<section class=\"elementor-section elementor-top-section elementor-element elementor-element-45d2d6d elementor-section-boxed elementor-section-height-default elementor-section-height-default\" data-id=\"45d2d6d\" data-element_type=\"section\" data-e-type=\"section\">\n\t\t\t\t\t\t<div class=\"elementor-container elementor-column-gap-default\">\n\t\t\t\t\t<div class=\"elementor-column elementor-col-100 elementor-top-column elementor-element elementor-element-9e42802\" data-id=\"9e42802\" data-element_type=\"column\" data-e-type=\"column\">\n\t\t\t<div class=\"elementor-widget-wrap elementor-element-populated\">\n\t\t\t\t\t\t<div class=\"elementor-element elementor-element-ae5e123 elementor-widget elementor-widget-image\" data-id=\"ae5e123\" data-element_type=\"widget\" data-e-type=\"widget\" data-widget_type=\"image.default\">\n\t\t\t\t<div class=\"elementor-widget-container\">\n\t\t\t\t\t\t\t\t\t\t\t\t\t\t\t<img fetchpriority=\"high\" decoding=\"async\" width=\"800\" height=\"554\" src=\"https:\/\/ledegaine.fr\/wp-content\/uploads\/2024\/09\/question-1024x709.webp\" class=\"attachment-large size-large wp-image-13357\" alt=\"\" srcset=\"https:\/\/ledegaine.fr\/wp-content\/uploads\/2024\/09\/question-1024x709.webp 1024w, https:\/\/ledegaine.fr\/wp-content\/uploads\/2024\/09\/question-300x208.webp 300w, https:\/\/ledegaine.fr\/wp-content\/uploads\/2024\/09\/question-768x532.webp 768w, https:\/\/ledegaine.fr\/wp-content\/uploads\/2024\/09\/question-1536x1064.webp 1536w, https:\/\/ledegaine.fr\/wp-content\/uploads\/2024\/09\/question-18x12.webp 18w, https:\/\/ledegaine.fr\/wp-content\/uploads\/2024\/09\/question.webp 1600w\" sizes=\"(max-width: 800px) 100vw, 800px\" \/>\t\t\t\t\t\t\t\t\t\t\t\t\t\t\t<\/div>\n\t\t\t\t<\/div>\n\t\t\t\t\t<\/div>\n\t\t<\/div>\n\t\t\t\t\t<\/div>\n\t\t<\/section>\n\t\t\t\t<section class=\"elementor-section elementor-top-section elementor-element elementor-element-18941e0 elementor-section-boxed elementor-section-height-default elementor-section-height-default\" data-id=\"18941e0\" data-element_type=\"section\" data-e-type=\"section\">\n\t\t\t\t\t\t<div class=\"elementor-container elementor-column-gap-default\">\n\t\t\t\t\t<div class=\"elementor-column elementor-col-100 elementor-top-column elementor-element elementor-element-75bd121\" data-id=\"75bd121\" data-element_type=\"column\" data-e-type=\"column\" data-settings=\"{&quot;background_background&quot;:&quot;classic&quot;}\">\n\t\t\t<div class=\"elementor-widget-wrap elementor-element-populated\">\n\t\t\t\t\t\t<div class=\"elementor-element elementor-element-56b8314 elementor-widget elementor-widget-heading\" data-id=\"56b8314\" data-element_type=\"widget\" data-e-type=\"widget\" data-widget_type=\"heading.default\">\n\t\t\t\t<div class=\"elementor-widget-container\">\n\t\t\t\t\t<div class=\"elementor-heading-title elementor-size-default\">Question ou suggestion<\/div>\t\t\t\t<\/div>\n\t\t\t\t<\/div>\n\t\t\t\t<div class=\"elementor-element elementor-element-f869f10 elementor-widget elementor-widget-text-editor\" data-id=\"f869f10\" data-element_type=\"widget\" data-e-type=\"widget\" data-widget_type=\"text-editor.default\">\n\t\t\t\t<div class=\"elementor-widget-container\">\n\t\t\t\t\t\t\t\t\t<p>Tu as une remarque ? Tu souhaites nous soumettre une info ou une aide ? Remplis la demande ci-dessous<\/p>\t\t\t\t\t\t\t\t<\/div>\n\t\t\t\t<\/div>\n\t\t\t\t<div class=\"elementor-element elementor-element-33a24d2 elementor-button-align-start elementor-widget elementor-widget-form\" data-id=\"33a24d2\" data-element_type=\"widget\" data-e-type=\"widget\" data-settings=\"{&quot;step_next_label&quot;:&quot;Next&quot;,&quot;step_previous_label&quot;:&quot;Previous&quot;,&quot;button_width&quot;:&quot;100&quot;,&quot;step_type&quot;:&quot;number_text&quot;,&quot;step_icon_shape&quot;:&quot;circle&quot;}\" data-widget_type=\"form.default\">\n\t\t\t\t<div class=\"elementor-widget-container\">\n\t\t\t\t\t\t\t<form class=\"elementor-form\" method=\"post\" id=\"infnews\" name=\"infos nouveaut\u00e9s\" aria-label=\"infos nouveaut\u00e9s\">\n\t\t\t<input type=\"hidden\" name=\"post_id\" value=\"13130\"\/>\n\t\t\t<input type=\"hidden\" name=\"form_id\" value=\"33a24d2\"\/>\n\t\t\t<input type=\"hidden\" name=\"referer_title\" value=\"Contributions - Le Degaine\" \/>\n\n\t\t\t\t\t\t\t<input type=\"hidden\" name=\"queried_id\" value=\"13130\"\/>\n\t\t\t\n\t\t\t<div class=\"elementor-form-fields-wrapper elementor-labels-\">\n\t\t\t\t\t\t\t\t<div class=\"elementor-field-type-text elementor-field-group elementor-column elementor-field-group-prenom elementor-col-50\">\n\t\t\t\t\t\t\t\t\t\t\t\t<label for=\"form-field-prenom\" class=\"elementor-field-label elementor-screen-only\">\n\t\t\t\t\t\t\t\tPr\u00e9nom\t\t\t\t\t\t\t<\/label>\n\t\t\t\t\t\t\t\t\t\t\t\t\t\t<input size=\"1\" type=\"text\" name=\"form_fields[prenom]\" id=\"form-field-prenom\" class=\"elementor-field elementor-size-sm  elementor-field-textual\" placeholder=\"Pr\u00e9nom\">\n\t\t\t\t\t\t\t\t\t\t\t<\/div>\n\t\t\t\t\t\t\t\t<div class=\"elementor-field-type-text elementor-field-group elementor-column elementor-field-group-nom elementor-col-50\">\n\t\t\t\t\t\t\t\t\t\t\t\t<label for=\"form-field-nom\" class=\"elementor-field-label elementor-screen-only\">\n\t\t\t\t\t\t\t\tNom\t\t\t\t\t\t\t<\/label>\n\t\t\t\t\t\t\t\t\t\t\t\t\t\t<input size=\"1\" type=\"text\" name=\"form_fields[nom]\" id=\"form-field-nom\" class=\"elementor-field elementor-size-sm  elementor-field-textual\" placeholder=\"Nom\">\n\t\t\t\t\t\t\t\t\t\t\t<\/div>\n\t\t\t\t\t\t\t\t<div class=\"elementor-field-type-email elementor-field-group elementor-column elementor-field-group-email elementor-col-100 elementor-field-required\">\n\t\t\t\t\t\t\t\t\t\t\t\t<label for=\"form-field-email\" class=\"elementor-field-label elementor-screen-only\">\n\t\t\t\t\t\t\t\tEmail\t\t\t\t\t\t\t<\/label>\n\t\t\t\t\t\t\t\t\t\t\t\t\t\t<input size=\"1\" type=\"email\" name=\"form_fields[email]\" id=\"form-field-email\" class=\"elementor-field elementor-size-sm  elementor-field-textual\" placeholder=\"Votre email\" required=\"required\">\n\t\t\t\t\t\t\t\t\t\t\t<\/div>\n\t\t\t\t\t\t\t\t<div class=\"elementor-field-type-textarea elementor-field-group elementor-column elementor-field-group-remarques elementor-col-100\">\n\t\t\t\t\t\t\t\t\t\t\t\t<label for=\"form-field-remarques\" class=\"elementor-field-label elementor-screen-only\">\n\t\t\t\t\t\t\t\tRemarques\t\t\t\t\t\t\t<\/label>\n\t\t\t\t\t\t<textarea class=\"elementor-field-textual elementor-field  elementor-size-sm\" name=\"form_fields[remarques]\" id=\"form-field-remarques\" rows=\"4\" placeholder=\"Remarques \/ Suggestions\"><\/textarea>\t\t\t\t<\/div>\n\t\t\t\t\t\t\t\t<div class=\"elementor-field-type-acceptance elementor-field-group elementor-column elementor-field-group-field_0255a0e elementor-col-100 elementor-field-required\">\n\t\t\t\t\t\t\t<div class=\"elementor-field-subgroup\">\n\t\t\t<span class=\"elementor-field-option\">\n\t\t\t\t<input type=\"checkbox\" name=\"form_fields[field_0255a0e]\" id=\"form-field-field_0255a0e\" class=\"elementor-field elementor-size-sm  elementor-acceptance-field\" required=\"required\">\n\t\t\t\t<label for=\"form-field-field_0255a0e\">J'accepte que mon adresse email soit utilis\u00e9e uniquement par Sortie d'Amphi afin de r\u00e9pondre \u00e0 ma demande.<\/label>\t\t\t<\/span>\n\t\t<\/div>\n\t\t\t\t\t\t<\/div>\n\t\t\t\t\t\t\t\t<div class=\"elementor-field-group elementor-column elementor-field-type-submit elementor-col-100 e-form__buttons\">\n\t\t\t\t\t<button class=\"elementor-button elementor-size-sm\" type=\"submit\">\n\t\t\t\t\t\t<span class=\"elementor-button-content-wrapper\">\n\t\t\t\t\t\t\t\t\t\t\t\t\t\t\t\t\t\t\t\t\t\t<span class=\"elementor-button-text\">ENVOYER LA DEMANDE<\/span>\n\t\t\t\t\t\t\t\t\t\t\t\t\t<\/span>\n\t\t\t\t\t<\/button>\n\t\t\t\t<\/div>\n\t\t\t<\/div>\n\t\t<\/form>\n\t\t\t\t\t\t<\/div>\n\t\t\t\t<\/div>\n\t\t\t\t<div class=\"elementor-element elementor-element-9fdd06b elementor-widget__width-initial elementor-absolute elementor-widget elementor-widget-image\" data-id=\"9fdd06b\" data-element_type=\"widget\" data-e-type=\"widget\" data-settings=\"{&quot;_position&quot;:&quot;absolute&quot;}\" data-widget_type=\"image.default\">\n\t\t\t\t<div class=\"elementor-widget-container\">\n\t\t\t\t\t\t\t\t\t\t\t\t\t\t\t<img decoding=\"async\" width=\"50\" height=\"50\" src=\"https:\/\/ledegaine.fr\/wp-content\/uploads\/2021\/07\/pucs.png\" class=\"attachment-large size-large wp-image-11993\" alt=\"\" \/>\t\t\t\t\t\t\t\t\t\t\t\t\t\t\t<\/div>\n\t\t\t\t<\/div>\n\t\t\t\t\t<\/div>\n\t\t<\/div>\n\t\t\t\t\t<\/div>\n\t\t<\/section>\n\t\t\t\t<\/div>\n\t\t","protected":false},"excerpt":{"rendered":"<p>DEVELOPING THE DEGAINE Question or suggestion Do you have a comment? Would you like to submit information or help? Fill in the form below<\/p>","protected":false},"author":2,"featured_media":0,"parent":0,"menu_order":0,"comment_status":"closed","ping_status":"closed","template":"elementor_header_footer","meta":{"_acf_changed":false,"inline_featured_image":false,"footnotes":""},"class_list":["post-13130","page","type-page","status-publish","hentry"],"acf":[],"yoast_head":"<!-- This site is optimized with the Yoast SEO plugin v27.0 - https:\/\/yoast.com\/product\/yoast-seo-wordpress\/ -->\n<title>Contributions - Le Degaine<\/title>\n<meta name=\"robots\" content=\"index, follow, max-snippet:-1, max-image-preview:large, max-video-preview:-1\" \/>\n<link rel=\"canonical\" href=\"https:\/\/ledegaine.fr\/en\/contributions\/\" \/>\n<meta property=\"og:locale\" content=\"en_GB\" \/>\n<meta property=\"og:type\" content=\"article\" \/>\n<meta property=\"og:title\" content=\"Contributions - Le Degaine\" \/>\n<meta property=\"og:description\" content=\"FAIRE \u00c9VOLUER LE DEGAINE Question ou suggestion Tu as une remarque ? Tu souhaites nous soumettre une info ou une aide ? Remplis la demande ci-dessous\" \/>\n<meta property=\"og:url\" content=\"https:\/\/ledegaine.fr\/en\/contributions\/\" \/>\n<meta property=\"og:site_name\" content=\"Le Degaine\" \/>\n<meta property=\"article:publisher\" content=\"https:\/\/www.facebook.com\/sortiedamphi.marseille\" \/>\n<meta property=\"article:modified_time\" content=\"2024-09-18T23:07:06+00:00\" \/>\n<meta property=\"og:image\" content=\"https:\/\/ledegaine.fr\/wp-content\/uploads\/2024\/09\/question.webp\" \/>\n\t<meta property=\"og:image:width\" content=\"1600\" \/>\n\t<meta property=\"og:image:height\" content=\"1108\" \/>\n\t<meta property=\"og:image:type\" content=\"image\/webp\" \/>\n<meta name=\"twitter:card\" content=\"summary_large_image\" \/>\n<meta name=\"twitter:label1\" content=\"Estimated reading time\" \/>\n\t<meta name=\"twitter:data1\" content=\"20 minutes\" \/>\n<script type=\"application\/ld+json\" class=\"yoast-schema-graph\">{\"@context\":\"https:\/\/schema.org\",\"@graph\":[{\"@type\":\"WebPage\",\"@id\":\"https:\/\/ledegaine.fr\/contributions\/\",\"url\":\"https:\/\/ledegaine.fr\/contributions\/\",\"name\":\"Contributions - Le Degaine\",\"isPartOf\":{\"@id\":\"https:\/\/ledegaine.fr\/#website\"},\"primaryImageOfPage\":{\"@id\":\"https:\/\/ledegaine.fr\/contributions\/#primaryimage\"},\"image\":{\"@id\":\"https:\/\/ledegaine.fr\/contributions\/#primaryimage\"},\"thumbnailUrl\":\"https:\/\/ledegaine.fr\/wp-content\/uploads\/2024\/09\/question-1024x709.webp\",\"datePublished\":\"2024-08-22T01:47:54+00:00\",\"dateModified\":\"2024-09-18T23:07:06+00:00\",\"breadcrumb\":{\"@id\":\"https:\/\/ledegaine.fr\/contributions\/#breadcrumb\"},\"inLanguage\":\"en-GB\",\"potentialAction\":[{\"@type\":\"ReadAction\",\"target\":[\"https:\/\/ledegaine.fr\/contributions\/\"]}]},{\"@type\":\"ImageObject\",\"inLanguage\":\"en-GB\",\"@id\":\"https:\/\/ledegaine.fr\/contributions\/#primaryimage\",\"url\":\"https:\/\/ledegaine.fr\/wp-content\/uploads\/2024\/09\/question-1024x709.webp\",\"contentUrl\":\"https:\/\/ledegaine.fr\/wp-content\/uploads\/2024\/09\/question-1024x709.webp\"},{\"@type\":\"BreadcrumbList\",\"@id\":\"https:\/\/ledegaine.fr\/contributions\/#breadcrumb\",\"itemListElement\":[{\"@type\":\"ListItem\",\"position\":1,\"name\":\"Accueil\",\"item\":\"https:\/\/ledegaine.fr\/\"},{\"@type\":\"ListItem\",\"position\":2,\"name\":\"Contributions\"}]},{\"@type\":\"WebSite\",\"@id\":\"https:\/\/ledegaine.fr\/#website\",\"url\":\"https:\/\/ledegaine.fr\/\",\"name\":\"Le Degaine\",\"description\":\"Toutes les aides des \u00e9tudiants marseillais\",\"publisher\":{\"@id\":\"https:\/\/ledegaine.fr\/#organization\"},\"potentialAction\":[{\"@type\":\"SearchAction\",\"target\":{\"@type\":\"EntryPoint\",\"urlTemplate\":\"https:\/\/ledegaine.fr\/?s={search_term_string}\"},\"query-input\":{\"@type\":\"PropertyValueSpecification\",\"valueRequired\":true,\"valueName\":\"search_term_string\"}}],\"inLanguage\":\"en-GB\"},{\"@type\":\"Organization\",\"@id\":\"https:\/\/ledegaine.fr\/#organization\",\"name\":\"Le Degaine\",\"url\":\"https:\/\/ledegaine.fr\/\",\"logo\":{\"@type\":\"ImageObject\",\"inLanguage\":\"en-GB\",\"@id\":\"https:\/\/ledegaine.fr\/#\/schema\/logo\/image\/\",\"url\":\"https:\/\/ledegaine.fr\/wp-content\/uploads\/2020\/04\/logo-le-degaine-marseille.png\",\"contentUrl\":\"https:\/\/ledegaine.fr\/wp-content\/uploads\/2020\/04\/logo-le-degaine-marseille.png\",\"width\":512,\"height\":266,\"caption\":\"Le Degaine\"},\"image\":{\"@id\":\"https:\/\/ledegaine.fr\/#\/schema\/logo\/image\/\"},\"sameAs\":[\"https:\/\/www.facebook.com\/sortiedamphi.marseille\",\"https:\/\/instagram.com\/sortiedamphimarseille\/\",\"https:\/\/www.tiktok.com\/@sortiedamphi\"]}]}<\/script>\n<!-- \/ Yoast SEO plugin. -->","yoast_head_json":{"title":"Contributions - Le Degaine","robots":{"index":"index","follow":"follow","max-snippet":"max-snippet:-1","max-image-preview":"max-image-preview:large","max-video-preview":"max-video-preview:-1"},"canonical":"https:\/\/ledegaine.fr\/en\/contributions\/","og_locale":"en_GB","og_type":"article","og_title":"Contributions - Le Degaine","og_description":"FAIRE \u00c9VOLUER LE DEGAINE Question ou suggestion Tu as une remarque ? Tu souhaites nous soumettre une info ou une aide ? Remplis la demande ci-dessous","og_url":"https:\/\/ledegaine.fr\/en\/contributions\/","og_site_name":"Le Degaine","article_publisher":"https:\/\/www.facebook.com\/sortiedamphi.marseille","article_modified_time":"2024-09-18T23:07:06+00:00","og_image":[{"width":1600,"height":1108,"url":"https:\/\/ledegaine.fr\/wp-content\/uploads\/2024\/09\/question.webp","type":"image\/webp"}],"twitter_card":"summary_large_image","twitter_misc":{"Estimated reading time":"20 minutes"},"schema":{"@context":"https:\/\/schema.org","@graph":[{"@type":"WebPage","@id":"https:\/\/ledegaine.fr\/contributions\/","url":"https:\/\/ledegaine.fr\/contributions\/","name":"Contributions - Le Degaine","isPartOf":{"@id":"https:\/\/ledegaine.fr\/#website"},"primaryImageOfPage":{"@id":"https:\/\/ledegaine.fr\/contributions\/#primaryimage"},"image":{"@id":"https:\/\/ledegaine.fr\/contributions\/#primaryimage"},"thumbnailUrl":"https:\/\/ledegaine.fr\/wp-content\/uploads\/2024\/09\/question-1024x709.webp","datePublished":"2024-08-22T01:47:54+00:00","dateModified":"2024-09-18T23:07:06+00:00","breadcrumb":{"@id":"https:\/\/ledegaine.fr\/contributions\/#breadcrumb"},"inLanguage":"en-GB","potentialAction":[{"@type":"ReadAction","target":["https:\/\/ledegaine.fr\/contributions\/"]}]},{"@type":"ImageObject","inLanguage":"en-GB","@id":"https:\/\/ledegaine.fr\/contributions\/#primaryimage","url":"https:\/\/ledegaine.fr\/wp-content\/uploads\/2024\/09\/question-1024x709.webp","contentUrl":"https:\/\/ledegaine.fr\/wp-content\/uploads\/2024\/09\/question-1024x709.webp"},{"@type":"BreadcrumbList","@id":"https:\/\/ledegaine.fr\/contributions\/#breadcrumb","itemListElement":[{"@type":"ListItem","position":1,"name":"Accueil","item":"https:\/\/ledegaine.fr\/"},{"@type":"ListItem","position":2,"name":"Contributions"}]},{"@type":"WebSite","@id":"https:\/\/ledegaine.fr\/#website","url":"https:\/\/ledegaine.fr\/","name":"Le Degaine","description":"All the assistance available to students in Marseille","publisher":{"@id":"https:\/\/ledegaine.fr\/#organization"},"potentialAction":[{"@type":"SearchAction","target":{"@type":"EntryPoint","urlTemplate":"https:\/\/ledegaine.fr\/?s={search_term_string}"},"query-input":{"@type":"PropertyValueSpecification","valueRequired":true,"valueName":"search_term_string"}}],"inLanguage":"en-GB"},{"@type":"Organization","@id":"https:\/\/ledegaine.fr\/#organization","name":"Le Degaine","url":"https:\/\/ledegaine.fr\/","logo":{"@type":"ImageObject","inLanguage":"en-GB","@id":"https:\/\/ledegaine.fr\/#\/schema\/logo\/image\/","url":"https:\/\/ledegaine.fr\/wp-content\/uploads\/2020\/04\/logo-le-degaine-marseille.png","contentUrl":"https:\/\/ledegaine.fr\/wp-content\/uploads\/2020\/04\/logo-le-degaine-marseille.png","width":512,"height":266,"caption":"Le Degaine"},"image":{"@id":"https:\/\/ledegaine.fr\/#\/schema\/logo\/image\/"},"sameAs":["https:\/\/www.facebook.com\/sortiedamphi.marseille","https:\/\/instagram.com\/sortiedamphimarseille\/","https:\/\/www.tiktok.com\/@sortiedamphi"]}]}},"_links":{"self":[{"href":"https:\/\/ledegaine.fr\/en\/wp-json\/wp\/v2\/pages\/13130","targetHints":{"allow":["GET"]}}],"collection":[{"href":"https:\/\/ledegaine.fr\/en\/wp-json\/wp\/v2\/pages"}],"about":[{"href":"https:\/\/ledegaine.fr\/en\/wp-json\/wp\/v2\/types\/page"}],"author":[{"embeddable":true,"href":"https:\/\/ledegaine.fr\/en\/wp-json\/wp\/v2\/users\/2"}],"replies":[{"embeddable":true,"href":"https:\/\/ledegaine.fr\/en\/wp-json\/wp\/v2\/comments?post=13130"}],"version-history":[{"count":19,"href":"https:\/\/ledegaine.fr\/en\/wp-json\/wp\/v2\/pages\/13130\/revisions"}],"predecessor-version":[{"id":13360,"href":"https:\/\/ledegaine.fr\/en\/wp-json\/wp\/v2\/pages\/13130\/revisions\/13360"}],"wp:attachment":[{"href":"https:\/\/ledegaine.fr\/en\/wp-json\/wp\/v2\/media?parent=13130"}],"curies":[{"name":"wp","href":"https:\/\/api.w.org\/{rel}","templated":true}]}}