{"id":12595,"date":"2021-08-25T13:04:27","date_gmt":"2021-08-25T11:04:27","guid":{"rendered":"https:\/\/ledegaine.fr\/?page_id=12595"},"modified":"2024-08-29T22:00:06","modified_gmt":"2024-08-29T20:00:06","slug":"nouveautes","status":"publish","type":"page","link":"https:\/\/ledegaine.fr\/de\/nouveautes\/","title":{"rendered":"Neuheiten"},"content":{"rendered":"\t\t<div data-elementor-type=\"wp-post\" data-elementor-id=\"12595\" class=\"elementor elementor-12595\" data-elementor-post-type=\"page\">\n\t\t\t\t\t\t<section class=\"elementor-section elementor-top-section elementor-element elementor-element-1186563 elementor-section-content-middle elementor-section-height-min-height elementor-section-boxed elementor-section-height-default elementor-section-items-middle\" data-id=\"1186563\" data-element_type=\"section\" data-e-type=\"section\">\n\t\t\t\t\t\t<div class=\"elementor-container elementor-column-gap-default\">\n\t\t\t\t\t<div class=\"elementor-column elementor-col-100 elementor-top-column elementor-element elementor-element-dfba4dc\" data-id=\"dfba4dc\" data-element_type=\"column\" data-e-type=\"column\">\n\t\t\t<div class=\"elementor-widget-wrap elementor-element-populated\">\n\t\t\t\t\t\t<div class=\"elementor-element elementor-element-54f04ad elementor-widget elementor-widget-heading\" data-id=\"54f04ad\" data-element_type=\"widget\" data-e-type=\"widget\" data-widget_type=\"heading.default\">\n\t\t\t\t<div class=\"elementor-widget-container\">\n\t\t\t\t\t<h2 class=\"elementor-heading-title elementor-size-default\">RESTEZ INFORM\u00c9S<\/h2>\t\t\t\t<\/div>\n\t\t\t\t<\/div>\n\t\t\t\t\t<\/div>\n\t\t<\/div>\n\t\t\t\t\t<\/div>\n\t\t<\/section>\n\t\t\t\t<section class=\"elementor-section elementor-top-section elementor-element elementor-element-45d2d6d elementor-section-boxed elementor-section-height-default elementor-section-height-default\" data-id=\"45d2d6d\" data-element_type=\"section\" data-e-type=\"section\">\n\t\t\t\t\t\t<div class=\"elementor-container elementor-column-gap-default\">\n\t\t\t\t\t<div class=\"elementor-column elementor-col-100 elementor-top-column elementor-element elementor-element-9e42802\" data-id=\"9e42802\" data-element_type=\"column\" data-e-type=\"column\">\n\t\t\t<div class=\"elementor-widget-wrap elementor-element-populated\">\n\t\t\t\t\t\t<div class=\"elementor-element elementor-element-ae5e123 elementor-widget elementor-widget-image\" data-id=\"ae5e123\" data-element_type=\"widget\" data-e-type=\"widget\" data-widget_type=\"image.default\">\n\t\t\t\t<div class=\"elementor-widget-container\">\n\t\t\t\t\t\t\t\t\t\t\t\t\t\t\t<img fetchpriority=\"high\" decoding=\"async\" width=\"782\" height=\"418\" src=\"https:\/\/ledegaine.fr\/wp-content\/uploads\/2021\/07\/aide-urgence.jpg\" class=\"attachment-large size-large wp-image-12152\" alt=\"\" srcset=\"https:\/\/ledegaine.fr\/wp-content\/uploads\/2021\/07\/aide-urgence.jpg 782w, https:\/\/ledegaine.fr\/wp-content\/uploads\/2021\/07\/aide-urgence-300x160.jpg 300w, https:\/\/ledegaine.fr\/wp-content\/uploads\/2021\/07\/aide-urgence-768x411.jpg 768w\" sizes=\"(max-width: 782px) 100vw, 782px\" \/>\t\t\t\t\t\t\t\t\t\t\t\t\t\t\t<\/div>\n\t\t\t\t<\/div>\n\t\t\t\t\t<\/div>\n\t\t<\/div>\n\t\t\t\t\t<\/div>\n\t\t<\/section>\n\t\t\t\t<section class=\"elementor-section elementor-top-section elementor-element elementor-element-18941e0 elementor-section-boxed elementor-section-height-default elementor-section-height-default\" data-id=\"18941e0\" data-element_type=\"section\" data-e-type=\"section\">\n\t\t\t\t\t\t<div class=\"elementor-container elementor-column-gap-default\">\n\t\t\t\t\t<div class=\"elementor-column elementor-col-100 elementor-top-column elementor-element elementor-element-75bd121\" data-id=\"75bd121\" data-element_type=\"column\" data-e-type=\"column\" data-settings=\"{&quot;background_background&quot;:&quot;classic&quot;}\">\n\t\t\t<div class=\"elementor-widget-wrap elementor-element-populated\">\n\t\t\t\t\t\t<div class=\"elementor-element elementor-element-56b8314 elementor-widget elementor-widget-heading\" data-id=\"56b8314\" data-element_type=\"widget\" data-e-type=\"widget\" data-widget_type=\"heading.default\">\n\t\t\t\t<div class=\"elementor-widget-container\">\n\t\t\t\t\t<div class=\"elementor-heading-title elementor-size-default\">Informez moi des nouveaut\u00e9s<\/div>\t\t\t\t<\/div>\n\t\t\t\t<\/div>\n\t\t\t\t<div class=\"elementor-element elementor-element-f869f10 elementor-widget elementor-widget-text-editor\" data-id=\"f869f10\" data-element_type=\"widget\" data-e-type=\"widget\" data-widget_type=\"text-editor.default\">\n\t\t\t\t<div class=\"elementor-widget-container\">\n\t\t\t\t\t\t\t\t\t<p>M\u00e9fie ! Si tu ne renseignes pas ton adresse email, tu ne seras pas tenu au courant des derni\u00e8res aides disponibles !<\/p>\t\t\t\t\t\t\t\t<\/div>\n\t\t\t\t<\/div>\n\t\t\t\t<div class=\"elementor-element elementor-element-bdadfca elementor-widget elementor-widget-heading\" data-id=\"bdadfca\" data-element_type=\"widget\" data-e-type=\"widget\" data-widget_type=\"heading.default\">\n\t\t\t\t<div class=\"elementor-widget-container\">\n\t\t\t\t\t<h4 class=\"elementor-heading-title elementor-size-default\">Mon E-mail<\/h4>\t\t\t\t<\/div>\n\t\t\t\t<\/div>\n\t\t\t\t<div class=\"elementor-element elementor-element-33a24d2 elementor-button-align-start elementor-widget elementor-widget-form\" data-id=\"33a24d2\" data-element_type=\"widget\" data-e-type=\"widget\" data-settings=\"{&quot;step_next_label&quot;:&quot;Next&quot;,&quot;step_previous_label&quot;:&quot;Previous&quot;,&quot;button_width&quot;:&quot;100&quot;,&quot;step_type&quot;:&quot;number_text&quot;,&quot;step_icon_shape&quot;:&quot;circle&quot;}\" data-widget_type=\"form.default\">\n\t\t\t\t<div class=\"elementor-widget-container\">\n\t\t\t\t\t\t\t<form class=\"elementor-form\" method=\"post\" id=\"infnews\" name=\"infos nouveaut\u00e9s\" aria-label=\"infos nouveaut\u00e9s\">\n\t\t\t<input type=\"hidden\" name=\"post_id\" value=\"12595\"\/>\n\t\t\t<input type=\"hidden\" name=\"form_id\" value=\"33a24d2\"\/>\n\t\t\t<input type=\"hidden\" name=\"referer_title\" value=\"Nouveaut\u00e9s - Le Degaine\" \/>\n\n\t\t\t\t\t\t\t<input type=\"hidden\" name=\"queried_id\" value=\"12595\"\/>\n\t\t\t\n\t\t\t<div class=\"elementor-form-fields-wrapper elementor-labels-\">\n\t\t\t\t\t\t\t\t<div class=\"elementor-field-type-email elementor-field-group elementor-column elementor-field-group-email elementor-col-100 elementor-field-required\">\n\t\t\t\t\t\t\t\t\t\t\t\t<label for=\"form-field-email\" class=\"elementor-field-label elementor-screen-only\">\n\t\t\t\t\t\t\t\tEmail\t\t\t\t\t\t\t<\/label>\n\t\t\t\t\t\t\t\t\t\t\t\t\t\t<input size=\"1\" type=\"email\" name=\"form_fields[email]\" id=\"form-field-email\" class=\"elementor-field elementor-size-sm  elementor-field-textual\" placeholder=\"@\" required=\"required\">\n\t\t\t\t\t\t\t\t\t\t\t<\/div>\n\t\t\t\t\t\t\t\t<div class=\"elementor-field-type-acceptance elementor-field-group elementor-column elementor-field-group-field_0255a0e elementor-col-100 elementor-field-required\">\n\t\t\t\t\t\t\t<div class=\"elementor-field-subgroup\">\n\t\t\t<span class=\"elementor-field-option\">\n\t\t\t\t<input type=\"checkbox\" name=\"form_fields[field_0255a0e]\" id=\"form-field-field_0255a0e\" class=\"elementor-field elementor-size-sm  elementor-acceptance-field\" required=\"required\">\n\t\t\t\t<label for=\"form-field-field_0255a0e\">J'accepte que mon adresse email soit utilis\u00e9e uniquement par Sortie d'Amphi afin de m'informer des derni\u00e8res aides disponibles.<\/label>\t\t\t<\/span>\n\t\t<\/div>\n\t\t\t\t\t\t<\/div>\n\t\t\t\t\t\t\t\t<div class=\"elementor-field-group elementor-column elementor-field-type-submit elementor-col-100 e-form__buttons\">\n\t\t\t\t\t<button class=\"elementor-button elementor-size-sm\" type=\"submit\">\n\t\t\t\t\t\t<span class=\"elementor-button-content-wrapper\">\n\t\t\t\t\t\t\t\t\t\t\t\t\t\t\t\t\t\t\t\t\t\t<span class=\"elementor-button-text\">JE RESTE INFORM\u00c9<\/span>\n\t\t\t\t\t\t\t\t\t\t\t\t\t<\/span>\n\t\t\t\t\t<\/button>\n\t\t\t\t<\/div>\n\t\t\t<\/div>\n\t\t<\/form>\n\t\t\t\t\t\t<\/div>\n\t\t\t\t<\/div>\n\t\t\t\t<div class=\"elementor-element elementor-element-9fdd06b elementor-widget__width-initial elementor-absolute elementor-widget elementor-widget-image\" data-id=\"9fdd06b\" data-element_type=\"widget\" data-e-type=\"widget\" data-settings=\"{&quot;_position&quot;:&quot;absolute&quot;}\" data-widget_type=\"image.default\">\n\t\t\t\t<div class=\"elementor-widget-container\">\n\t\t\t\t\t\t\t\t\t\t\t\t\t\t\t<img decoding=\"async\" width=\"50\" height=\"50\" src=\"https:\/\/ledegaine.fr\/wp-content\/uploads\/2021\/07\/pucs.png\" class=\"attachment-large size-large wp-image-11993\" alt=\"\" \/>\t\t\t\t\t\t\t\t\t\t\t\t\t\t\t<\/div>\n\t\t\t\t<\/div>\n\t\t\t\t\t<\/div>\n\t\t<\/div>\n\t\t\t\t\t<\/div>\n\t\t<\/section>\n\t\t\t\t<\/div>\n\t\t","protected":false},"excerpt":{"rendered":"<p>BLEIBEN SIE INFORMIERT Informieren Sie mich \u00fcber Neuigkeiten Vorsicht! Wenn du deine E-Mail-Adresse nicht angibst, wirst du nicht \u00fcber die neuesten Hilfsangebote informiert! Meine E-Mail<\/p>","protected":false},"author":2,"featured_media":0,"parent":0,"menu_order":0,"comment_status":"closed","ping_status":"closed","template":"elementor_header_footer","meta":{"_acf_changed":false,"inline_featured_image":false,"footnotes":""},"class_list":["post-12595","page","type-page","status-publish","hentry"],"acf":[],"yoast_head":"<!-- This site is optimized with the Yoast SEO plugin v27.0 - https:\/\/yoast.com\/product\/yoast-seo-wordpress\/ -->\n<title>Nouveaut\u00e9s - Le Degaine<\/title>\n<meta name=\"robots\" content=\"index, follow, max-snippet:-1, max-image-preview:large, max-video-preview:-1\" \/>\n<link rel=\"canonical\" href=\"https:\/\/ledegaine.fr\/de\/nouveautes\/\" \/>\n<meta property=\"og:locale\" content=\"de_DE\" \/>\n<meta property=\"og:type\" content=\"article\" \/>\n<meta property=\"og:title\" content=\"Nouveaut\u00e9s - Le Degaine\" \/>\n<meta property=\"og:description\" content=\"RESTEZ INFORM\u00c9S Informez moi des nouveaut\u00e9s M\u00e9fie ! Si tu ne renseignes pas ton adresse email, tu ne seras pas tenu au courant des derni\u00e8res aides disponibles ! Mon E-mail\" \/>\n<meta property=\"og:url\" content=\"https:\/\/ledegaine.fr\/de\/nouveautes\/\" \/>\n<meta property=\"og:site_name\" content=\"Le Degaine\" \/>\n<meta property=\"article:publisher\" content=\"https:\/\/www.facebook.com\/sortiedamphi.marseille\" \/>\n<meta property=\"article:modified_time\" content=\"2024-08-29T20:00:06+00:00\" \/>\n<meta property=\"og:image\" content=\"https:\/\/ledegaine.fr\/wp-content\/uploads\/2021\/07\/aide-urgence.jpg\" \/>\n\t<meta property=\"og:image:width\" content=\"782\" \/>\n\t<meta property=\"og:image:height\" content=\"418\" \/>\n\t<meta property=\"og:image:type\" content=\"image\/jpeg\" \/>\n<meta name=\"twitter:card\" content=\"summary_large_image\" \/>\n<meta name=\"twitter:label1\" content=\"Gesch\u00e4tzte Lesezeit\" \/>\n\t<meta name=\"twitter:data1\" content=\"20\u00a0Minuten\" \/>\n<script type=\"application\/ld+json\" class=\"yoast-schema-graph\">{\"@context\":\"https:\/\/schema.org\",\"@graph\":[{\"@type\":\"WebPage\",\"@id\":\"https:\/\/ledegaine.fr\/nouveautes\/\",\"url\":\"https:\/\/ledegaine.fr\/nouveautes\/\",\"name\":\"Nouveaut\u00e9s - Le Degaine\",\"isPartOf\":{\"@id\":\"https:\/\/ledegaine.fr\/#website\"},\"primaryImageOfPage\":{\"@id\":\"https:\/\/ledegaine.fr\/nouveautes\/#primaryimage\"},\"image\":{\"@id\":\"https:\/\/ledegaine.fr\/nouveautes\/#primaryimage\"},\"thumbnailUrl\":\"https:\/\/ledegaine.fr\/wp-content\/uploads\/2021\/07\/aide-urgence.jpg\",\"datePublished\":\"2021-08-25T11:04:27+00:00\",\"dateModified\":\"2024-08-29T20:00:06+00:00\",\"breadcrumb\":{\"@id\":\"https:\/\/ledegaine.fr\/nouveautes\/#breadcrumb\"},\"inLanguage\":\"de\",\"potentialAction\":[{\"@type\":\"ReadAction\",\"target\":[\"https:\/\/ledegaine.fr\/nouveautes\/\"]}]},{\"@type\":\"ImageObject\",\"inLanguage\":\"de\",\"@id\":\"https:\/\/ledegaine.fr\/nouveautes\/#primaryimage\",\"url\":\"https:\/\/ledegaine.fr\/wp-content\/uploads\/2021\/07\/aide-urgence.jpg\",\"contentUrl\":\"https:\/\/ledegaine.fr\/wp-content\/uploads\/2021\/07\/aide-urgence.jpg\"},{\"@type\":\"BreadcrumbList\",\"@id\":\"https:\/\/ledegaine.fr\/nouveautes\/#breadcrumb\",\"itemListElement\":[{\"@type\":\"ListItem\",\"position\":1,\"name\":\"Accueil\",\"item\":\"https:\/\/ledegaine.fr\/\"},{\"@type\":\"ListItem\",\"position\":2,\"name\":\"Nouveaut\u00e9s\"}]},{\"@type\":\"WebSite\",\"@id\":\"https:\/\/ledegaine.fr\/#website\",\"url\":\"https:\/\/ledegaine.fr\/\",\"name\":\"Le Degaine\",\"description\":\"Toutes les aides des \u00e9tudiants marseillais\",\"publisher\":{\"@id\":\"https:\/\/ledegaine.fr\/#organization\"},\"potentialAction\":[{\"@type\":\"SearchAction\",\"target\":{\"@type\":\"EntryPoint\",\"urlTemplate\":\"https:\/\/ledegaine.fr\/?s={search_term_string}\"},\"query-input\":{\"@type\":\"PropertyValueSpecification\",\"valueRequired\":true,\"valueName\":\"search_term_string\"}}],\"inLanguage\":\"de\"},{\"@type\":\"Organization\",\"@id\":\"https:\/\/ledegaine.fr\/#organization\",\"name\":\"Le Degaine\",\"url\":\"https:\/\/ledegaine.fr\/\",\"logo\":{\"@type\":\"ImageObject\",\"inLanguage\":\"de\",\"@id\":\"https:\/\/ledegaine.fr\/#\/schema\/logo\/image\/\",\"url\":\"https:\/\/ledegaine.fr\/wp-content\/uploads\/2020\/04\/logo-le-degaine-marseille.png\",\"contentUrl\":\"https:\/\/ledegaine.fr\/wp-content\/uploads\/2020\/04\/logo-le-degaine-marseille.png\",\"width\":512,\"height\":266,\"caption\":\"Le Degaine\"},\"image\":{\"@id\":\"https:\/\/ledegaine.fr\/#\/schema\/logo\/image\/\"},\"sameAs\":[\"https:\/\/www.facebook.com\/sortiedamphi.marseille\",\"https:\/\/instagram.com\/sortiedamphimarseille\/\",\"https:\/\/www.tiktok.com\/@sortiedamphi\"]}]}<\/script>\n<!-- \/ Yoast SEO plugin. -->","yoast_head_json":{"title":"Nouveaut\u00e9s - Le Degaine","robots":{"index":"index","follow":"follow","max-snippet":"max-snippet:-1","max-image-preview":"max-image-preview:large","max-video-preview":"max-video-preview:-1"},"canonical":"https:\/\/ledegaine.fr\/de\/nouveautes\/","og_locale":"de_DE","og_type":"article","og_title":"Nouveaut\u00e9s - Le Degaine","og_description":"RESTEZ INFORM\u00c9S Informez moi des nouveaut\u00e9s M\u00e9fie ! Si tu ne renseignes pas ton adresse email, tu ne seras pas tenu au courant des derni\u00e8res aides disponibles ! Mon E-mail","og_url":"https:\/\/ledegaine.fr\/de\/nouveautes\/","og_site_name":"Le Degaine","article_publisher":"https:\/\/www.facebook.com\/sortiedamphi.marseille","article_modified_time":"2024-08-29T20:00:06+00:00","og_image":[{"width":782,"height":418,"url":"https:\/\/ledegaine.fr\/wp-content\/uploads\/2021\/07\/aide-urgence.jpg","type":"image\/jpeg"}],"twitter_card":"summary_large_image","twitter_misc":{"Gesch\u00e4tzte Lesezeit":"20\u00a0Minuten"},"schema":{"@context":"https:\/\/schema.org","@graph":[{"@type":"WebPage","@id":"https:\/\/ledegaine.fr\/nouveautes\/","url":"https:\/\/ledegaine.fr\/nouveautes\/","name":"Nouveaut\u00e9s - Le Degaine","isPartOf":{"@id":"https:\/\/ledegaine.fr\/#website"},"primaryImageOfPage":{"@id":"https:\/\/ledegaine.fr\/nouveautes\/#primaryimage"},"image":{"@id":"https:\/\/ledegaine.fr\/nouveautes\/#primaryimage"},"thumbnailUrl":"https:\/\/ledegaine.fr\/wp-content\/uploads\/2021\/07\/aide-urgence.jpg","datePublished":"2021-08-25T11:04:27+00:00","dateModified":"2024-08-29T20:00:06+00:00","breadcrumb":{"@id":"https:\/\/ledegaine.fr\/nouveautes\/#breadcrumb"},"inLanguage":"de","potentialAction":[{"@type":"ReadAction","target":["https:\/\/ledegaine.fr\/nouveautes\/"]}]},{"@type":"ImageObject","inLanguage":"de","@id":"https:\/\/ledegaine.fr\/nouveautes\/#primaryimage","url":"https:\/\/ledegaine.fr\/wp-content\/uploads\/2021\/07\/aide-urgence.jpg","contentUrl":"https:\/\/ledegaine.fr\/wp-content\/uploads\/2021\/07\/aide-urgence.jpg"},{"@type":"BreadcrumbList","@id":"https:\/\/ledegaine.fr\/nouveautes\/#breadcrumb","itemListElement":[{"@type":"ListItem","position":1,"name":"Accueil","item":"https:\/\/ledegaine.fr\/"},{"@type":"ListItem","position":2,"name":"Nouveaut\u00e9s"}]},{"@type":"WebSite","@id":"https:\/\/ledegaine.fr\/#website","url":"https:\/\/ledegaine.fr\/","name":"Der Degaine","description":"Alle Hilfen der Studenten in Marseille","publisher":{"@id":"https:\/\/ledegaine.fr\/#organization"},"potentialAction":[{"@type":"SearchAction","target":{"@type":"EntryPoint","urlTemplate":"https:\/\/ledegaine.fr\/?s={search_term_string}"},"query-input":{"@type":"PropertyValueSpecification","valueRequired":true,"valueName":"search_term_string"}}],"inLanguage":"de"},{"@type":"Organization","@id":"https:\/\/ledegaine.fr\/#organization","name":"Der Degaine","url":"https:\/\/ledegaine.fr\/","logo":{"@type":"ImageObject","inLanguage":"de","@id":"https:\/\/ledegaine.fr\/#\/schema\/logo\/image\/","url":"https:\/\/ledegaine.fr\/wp-content\/uploads\/2020\/04\/logo-le-degaine-marseille.png","contentUrl":"https:\/\/ledegaine.fr\/wp-content\/uploads\/2020\/04\/logo-le-degaine-marseille.png","width":512,"height":266,"caption":"Le Degaine"},"image":{"@id":"https:\/\/ledegaine.fr\/#\/schema\/logo\/image\/"},"sameAs":["https:\/\/www.facebook.com\/sortiedamphi.marseille","https:\/\/instagram.com\/sortiedamphimarseille\/","https:\/\/www.tiktok.com\/@sortiedamphi"]}]}},"_links":{"self":[{"href":"https:\/\/ledegaine.fr\/de\/wp-json\/wp\/v2\/pages\/12595","targetHints":{"allow":["GET"]}}],"collection":[{"href":"https:\/\/ledegaine.fr\/de\/wp-json\/wp\/v2\/pages"}],"about":[{"href":"https:\/\/ledegaine.fr\/de\/wp-json\/wp\/v2\/types\/page"}],"author":[{"embeddable":true,"href":"https:\/\/ledegaine.fr\/de\/wp-json\/wp\/v2\/users\/2"}],"replies":[{"embeddable":true,"href":"https:\/\/ledegaine.fr\/de\/wp-json\/wp\/v2\/comments?post=12595"}],"version-history":[{"count":13,"href":"https:\/\/ledegaine.fr\/de\/wp-json\/wp\/v2\/pages\/12595\/revisions"}],"predecessor-version":[{"id":13298,"href":"https:\/\/ledegaine.fr\/de\/wp-json\/wp\/v2\/pages\/12595\/revisions\/13298"}],"wp:attachment":[{"href":"https:\/\/ledegaine.fr\/de\/wp-json\/wp\/v2\/media?parent=12595"}],"curies":[{"name":"wp","href":"https:\/\/api.w.org\/{rel}","templated":true}]}}