{"id":12183,"date":"2021-07-29T03:40:27","date_gmt":"2021-07-29T01:40:27","guid":{"rendered":"https:\/\/ledegaine.fr\/?page_id=12183"},"modified":"2021-07-29T03:50:34","modified_gmt":"2021-07-29T01:50:34","slug":"crous-aix-marseille-avignon","status":"publish","type":"page","link":"https:\/\/ledegaine.fr\/de\/crous-aix-marseille-avignon\/","title":{"rendered":"CROUS Aix Marseille Avignon"},"content":{"rendered":"<div data-elementor-type=\"wp-post\" data-elementor-id=\"12183\" class=\"elementor elementor-12183\" data-elementor-post-type=\"page\">\n\t\t\t\t\t\t<section class=\"elementor-section elementor-top-section elementor-element elementor-element-1186563 elementor-section-content-middle elementor-section-boxed elementor-section-height-default elementor-section-height-default\" data-id=\"1186563\" data-element_type=\"section\" data-e-type=\"section\">\n\t\t\t\t\t\t<div class=\"elementor-container elementor-column-gap-default\">\n\t\t\t\t\t<div class=\"elementor-column elementor-col-100 elementor-top-column elementor-element elementor-element-dfba4dc\" data-id=\"dfba4dc\" data-element_type=\"column\" data-e-type=\"column\">\n\t\t\t<div class=\"elementor-widget-wrap elementor-element-populated\">\n\t\t\t\t\t\t<div class=\"elementor-element elementor-element-54f04ad elementor-widget elementor-widget-heading\" data-id=\"54f04ad\" data-element_type=\"widget\" data-e-type=\"widget\" data-widget_type=\"heading.default\">\n\t\t\t\t<div class=\"elementor-widget-container\">\n\t\t\t\t\t<h2 class=\"elementor-heading-title elementor-size-default\">PARTNER<\/h2>\t\t\t\t<\/div>\n\t\t\t\t<\/div>\n\t\t\t\t<div class=\"elementor-element elementor-element-00a8b18 elementor-widget elementor-widget-image\" data-id=\"00a8b18\" data-element_type=\"widget\" data-e-type=\"widget\" data-widget_type=\"image.default\">\n\t\t\t\t<div class=\"elementor-widget-container\">\n\t\t\t\t\t\t\t\t\t\t\t\t\t\t\t<img fetchpriority=\"high\" decoding=\"async\" width=\"309\" height=\"318\" src=\"https:\/\/ledegaine.fr\/wp-content\/uploads\/2021\/07\/logo-crous-aix-marseille.png\" class=\"attachment-large size-large wp-image-12179\" alt=\"\" srcset=\"https:\/\/ledegaine.fr\/wp-content\/uploads\/2021\/07\/logo-crous-aix-marseille.png 309w, https:\/\/ledegaine.fr\/wp-content\/uploads\/2021\/07\/logo-crous-aix-marseille-292x300.png 292w\" sizes=\"(max-width: 309px) 100vw, 309px\" \/>\t\t\t\t\t\t\t\t\t\t\t\t\t\t\t<\/div>\n\t\t\t\t<\/div>\n\t\t\t\t\t<\/div>\n\t\t<\/div>\n\t\t\t\t\t<\/div>\n\t\t<\/section>\n\t\t\t\t<section class=\"elementor-section elementor-top-section elementor-element elementor-element-45d2d6d elementor-section-boxed elementor-section-height-default elementor-section-height-default\" data-id=\"45d2d6d\" data-element_type=\"section\" data-e-type=\"section\">\n\t\t\t\t\t\t<div class=\"elementor-container elementor-column-gap-default\">\n\t\t\t\t\t<div class=\"elementor-column elementor-col-100 elementor-top-column elementor-element elementor-element-9e42802\" data-id=\"9e42802\" data-element_type=\"column\" data-e-type=\"column\">\n\t\t\t<div class=\"elementor-widget-wrap elementor-element-populated\">\n\t\t\t\t\t\t<div class=\"elementor-element elementor-element-f1da665 elementor-widget elementor-widget-image\" data-id=\"f1da665\" data-element_type=\"widget\" data-e-type=\"widget\" data-widget_type=\"image.default\">\n\t\t\t\t<div class=\"elementor-widget-container\">\n\t\t\t\t\t\t\t\t\t\t\t\t\t\t\t<img decoding=\"async\" width=\"794\" height=\"427\" src=\"https:\/\/ledegaine.fr\/wp-content\/uploads\/2021\/07\/crous-aix-marseille-avignon-1.jpg\" class=\"attachment-large size-large wp-image-12194\" alt=\"\" srcset=\"https:\/\/ledegaine.fr\/wp-content\/uploads\/2021\/07\/crous-aix-marseille-avignon-1.jpg 794w, https:\/\/ledegaine.fr\/wp-content\/uploads\/2021\/07\/crous-aix-marseille-avignon-1-300x161.jpg 300w, https:\/\/ledegaine.fr\/wp-content\/uploads\/2021\/07\/crous-aix-marseille-avignon-1-768x413.jpg 768w\" sizes=\"(max-width: 794px) 100vw, 794px\" \/>\t\t\t\t\t\t\t\t\t\t\t\t\t\t\t<\/div>\n\t\t\t\t<\/div>\n\t\t\t\t\t<\/div>\n\t\t<\/div>\n\t\t\t\t\t<\/div>\n\t\t<\/section>\n\t\t\t\t<section class=\"elementor-section elementor-top-section elementor-element elementor-element-18941e0 elementor-section-boxed elementor-section-height-default elementor-section-height-default\" data-id=\"18941e0\" data-element_type=\"section\" data-e-type=\"section\">\n\t\t\t\t\t\t<div class=\"elementor-container elementor-column-gap-default\">\n\t\t\t\t\t<div class=\"elementor-column elementor-col-100 elementor-top-column elementor-element elementor-element-75bd121\" data-id=\"75bd121\" data-element_type=\"column\" data-e-type=\"column\" data-settings=\"{&quot;background_background&quot;:&quot;classic&quot;}\">\n\t\t\t<div class=\"elementor-widget-wrap elementor-element-populated\">\n\t\t\t\t\t\t<div class=\"elementor-element elementor-element-56b8314 elementor-widget elementor-widget-heading\" data-id=\"56b8314\" data-element_type=\"widget\" data-e-type=\"widget\" data-widget_type=\"heading.default\">\n\t\t\t\t<div class=\"elementor-widget-container\">\n\t\t\t\t\t<div class=\"elementor-heading-title elementor-size-default\">Pr\u00e4sentation von CROUS - Projekt \"Le D\u00e9gaine\" (Der D\u00e9gaine)<\/div>\t\t\t\t<\/div>\n\t\t\t\t<\/div>\n\t\t\t\t<div class=\"elementor-element elementor-element-f869f10 elementor-widget elementor-widget-text-editor\" data-id=\"f869f10\" data-element_type=\"widget\" data-e-type=\"widget\" data-widget_type=\"text-editor.default\">\n\t\t\t\t<div class=\"elementor-widget-container\">\n\t\t\t\t\t\t\t\t\t<p>Die Verbesserung der Lebensbedingungen von Studierenden geh\u00f6rt zu den Kernaufgaben des CROUS und tr\u00e4gt damit zu ihrem Erfolg in der Hochschulbildung bei.<\/p><p>Seit mehr als sechs Jahrzehnten tr\u00e4gt das CROUS zur Chancengleichheit der Studierenden bei, indem es ihnen durch Stipendien und spezielle Hilfen hilft, ihren Lebensunterhalt zu bestreiten. Es ist auch f\u00fcr die Verpflegung und die Unterbringung von Studenten zust\u00e4ndig, die es st\u00e4ndig verbessert, um den Erwartungen der Studenten besser gerecht zu werden.<\/p><p>Seit Beginn der Gesundheitskrise hat sich das CROUS daher noch st\u00e4rker f\u00fcr die Bek\u00e4mpfung von Prekarit\u00e4t, Isolation und psychologischer Not eingesetzt, die die Studierenden besonders hart getroffen haben.<\/p><p>Der Kampf gegen prek\u00e4re Lebensverh\u00e4ltnisse zeigte sich insbesondere in der Verdoppelung der von Sozialarbeitern vergebenen Finanzhilfen, der Einf\u00fchrung des 1-\u20ac-Essens oder der Unterst\u00fctzung von Vereinen, die Lebensmittel verteilen.<\/p><p>Um die Isolation der Studierenden zu bek\u00e4mpfen, stellte das CROUS in seinen Studentenwohnheimen Studentenreferenten ein, die sich um das Wohlbefinden ihrer Altersgenossen k\u00fcmmern sollten. Zahlreiche Tanz-, Yoga- und Sophrologiekurse oder Online-Animationen wurden mehrmals pro Woche live angeboten.<\/p><p>Das CROUS hat den Kampf gegen die psychologische Notlage von Studierenden zu einer seiner Priorit\u00e4ten gemacht und bietet allen Studierenden der Akademie kostenlose psychologische Einzelberatungen an, auch in St\u00e4dten, die weit von den Universit\u00e4tsgel\u00e4nden entfernt sind.<\/p><p>Dank der Mittel, die das CROUS durch den Beitrag zum Studenten- und Campusleben (CVEC) erh\u00e4lt, hat es sich der Entwicklung von Ma\u00dfnahmen verschrieben, die den Empfang, die soziale, gesundheitliche, kulturelle und sportliche Betreuung der Studierenden f\u00f6rdern, insbesondere durch eine Politik zur Unterst\u00fctzung studentischer Initiativen.<\/p><p>Den Studierenden immer besser zu dienen, ist der Wille des CROUS. Deshalb unterst\u00fctzt es \"Le D\u00e9gaine\" voll und ganz, um die Studierenden in Marseille besser \u00fcber die ihnen zur Verf\u00fcgung stehenden Hilfen zu informieren.<\/p>\t\t\t\t\t\t\t\t<\/div>\n\t\t\t\t<\/div>\n\t\t\t\t<div class=\"elementor-element elementor-element-9fdd06b elementor-widget__width-initial elementor-absolute elementor-widget elementor-widget-image\" data-id=\"9fdd06b\" data-element_type=\"widget\" data-e-type=\"widget\" data-settings=\"{&quot;_position&quot;:&quot;absolute&quot;}\" data-widget_type=\"image.default\">\n\t\t\t\t<div class=\"elementor-widget-container\">\n\t\t\t\t\t\t\t\t\t\t\t\t\t\t\t<img decoding=\"async\" width=\"50\" height=\"50\" src=\"https:\/\/ledegaine.fr\/wp-content\/uploads\/2021\/07\/pucs.png\" class=\"attachment-large size-large wp-image-11993\" alt=\"\" \/>\t\t\t\t\t\t\t\t\t\t\t\t\t\t\t<\/div>\n\t\t\t\t<\/div>\n\t\t\t\t\t<\/div>\n\t\t<\/div>\n\t\t\t\t\t<\/div>\n\t\t<\/section>\n\t\t\t\t<\/div>","protected":false},"excerpt":{"rendered":"<p>PARTENAIRE Pr\u00e9sentation du CROUS &#8211; projet \u00ab Le D\u00e9gaine \u00bb L\u2019am\u00e9lioration des conditions de vie des \u00e9tudiants est au c\u0153ur des missions du CROUS, concourant ainsi \u00e0 leur r\u00e9ussite dans leurs \u00e9tudes sup\u00e9rieures. Depuis plus de six d\u00e9cennies, le CROUS contribue \u00e0 l\u2019\u00e9galit\u00e9 des chances des \u00e9tudiants en les aidant \u00e0 subvenir \u00e0 leurs besoins [&hellip;]<\/p>\n","protected":false},"author":2,"featured_media":0,"parent":0,"menu_order":0,"comment_status":"closed","ping_status":"closed","template":"elementor_header_footer","meta":{"_acf_changed":false,"inline_featured_image":false,"footnotes":""},"class_list":["post-12183","page","type-page","status-publish","hentry"],"acf":[],"yoast_head":"<!-- This site is optimized with the Yoast SEO plugin v27.0 - https:\/\/yoast.com\/product\/yoast-seo-wordpress\/ -->\n<title>CROUS Aix Marseille Avignon - Le Degaine<\/title>\n<meta name=\"robots\" content=\"index, follow, max-snippet:-1, max-image-preview:large, max-video-preview:-1\" \/>\n<link rel=\"canonical\" href=\"https:\/\/ledegaine.fr\/de\/crous-aix-marseille-avignon\/\" \/>\n<meta property=\"og:locale\" content=\"de_DE\" \/>\n<meta property=\"og:type\" content=\"article\" \/>\n<meta property=\"og:title\" content=\"CROUS Aix Marseille Avignon - Le Degaine\" \/>\n<meta property=\"og:description\" content=\"PARTENAIRE Pr\u00e9sentation du CROUS &#8211; projet \u00ab Le D\u00e9gaine \u00bb L\u2019am\u00e9lioration des conditions de vie des \u00e9tudiants est au c\u0153ur des missions du CROUS, concourant ainsi \u00e0 leur r\u00e9ussite dans leurs \u00e9tudes sup\u00e9rieures. Depuis plus de six d\u00e9cennies, le CROUS contribue \u00e0 l\u2019\u00e9galit\u00e9 des chances des \u00e9tudiants en les aidant \u00e0 subvenir \u00e0 leurs besoins [&hellip;]\" \/>\n<meta property=\"og:url\" content=\"https:\/\/ledegaine.fr\/de\/crous-aix-marseille-avignon\/\" \/>\n<meta property=\"og:site_name\" content=\"Le Degaine\" \/>\n<meta property=\"article:publisher\" content=\"https:\/\/www.facebook.com\/sortiedamphi.marseille\" \/>\n<meta property=\"article:modified_time\" content=\"2021-07-29T01:50:34+00:00\" \/>\n<meta property=\"og:image\" content=\"https:\/\/ledegaine.fr\/wp-content\/uploads\/2021\/07\/logo-crous-aix-marseille.png\" \/>\n\t<meta property=\"og:image:width\" content=\"309\" \/>\n\t<meta property=\"og:image:height\" content=\"318\" \/>\n\t<meta property=\"og:image:type\" content=\"image\/png\" \/>\n<meta name=\"twitter:card\" content=\"summary_large_image\" \/>\n<meta name=\"twitter:label1\" content=\"Gesch\u00e4tzte Lesezeit\" \/>\n\t<meta name=\"twitter:data1\" content=\"20\u00a0Minuten\" \/>\n<script type=\"application\/ld+json\" class=\"yoast-schema-graph\">{\"@context\":\"https:\/\/schema.org\",\"@graph\":[{\"@type\":\"WebPage\",\"@id\":\"https:\/\/ledegaine.fr\/crous-aix-marseille-avignon\/\",\"url\":\"https:\/\/ledegaine.fr\/crous-aix-marseille-avignon\/\",\"name\":\"CROUS Aix Marseille Avignon - Le Degaine\",\"isPartOf\":{\"@id\":\"https:\/\/ledegaine.fr\/#website\"},\"primaryImageOfPage\":{\"@id\":\"https:\/\/ledegaine.fr\/crous-aix-marseille-avignon\/#primaryimage\"},\"image\":{\"@id\":\"https:\/\/ledegaine.fr\/crous-aix-marseille-avignon\/#primaryimage\"},\"thumbnailUrl\":\"https:\/\/ledegaine.fr\/wp-content\/uploads\/2021\/07\/logo-crous-aix-marseille.png\",\"datePublished\":\"2021-07-29T01:40:27+00:00\",\"dateModified\":\"2021-07-29T01:50:34+00:00\",\"breadcrumb\":{\"@id\":\"https:\/\/ledegaine.fr\/crous-aix-marseille-avignon\/#breadcrumb\"},\"inLanguage\":\"de\",\"potentialAction\":[{\"@type\":\"ReadAction\",\"target\":[\"https:\/\/ledegaine.fr\/crous-aix-marseille-avignon\/\"]}]},{\"@type\":\"ImageObject\",\"inLanguage\":\"de\",\"@id\":\"https:\/\/ledegaine.fr\/crous-aix-marseille-avignon\/#primaryimage\",\"url\":\"https:\/\/ledegaine.fr\/wp-content\/uploads\/2021\/07\/logo-crous-aix-marseille.png\",\"contentUrl\":\"https:\/\/ledegaine.fr\/wp-content\/uploads\/2021\/07\/logo-crous-aix-marseille.png\"},{\"@type\":\"BreadcrumbList\",\"@id\":\"https:\/\/ledegaine.fr\/crous-aix-marseille-avignon\/#breadcrumb\",\"itemListElement\":[{\"@type\":\"ListItem\",\"position\":1,\"name\":\"Accueil\",\"item\":\"https:\/\/ledegaine.fr\/\"},{\"@type\":\"ListItem\",\"position\":2,\"name\":\"CROUS Aix Marseille Avignon\"}]},{\"@type\":\"WebSite\",\"@id\":\"https:\/\/ledegaine.fr\/#website\",\"url\":\"https:\/\/ledegaine.fr\/\",\"name\":\"Le Degaine\",\"description\":\"Toutes les aides des \u00e9tudiants marseillais\",\"publisher\":{\"@id\":\"https:\/\/ledegaine.fr\/#organization\"},\"potentialAction\":[{\"@type\":\"SearchAction\",\"target\":{\"@type\":\"EntryPoint\",\"urlTemplate\":\"https:\/\/ledegaine.fr\/?s={search_term_string}\"},\"query-input\":{\"@type\":\"PropertyValueSpecification\",\"valueRequired\":true,\"valueName\":\"search_term_string\"}}],\"inLanguage\":\"de\"},{\"@type\":\"Organization\",\"@id\":\"https:\/\/ledegaine.fr\/#organization\",\"name\":\"Le Degaine\",\"url\":\"https:\/\/ledegaine.fr\/\",\"logo\":{\"@type\":\"ImageObject\",\"inLanguage\":\"de\",\"@id\":\"https:\/\/ledegaine.fr\/#\/schema\/logo\/image\/\",\"url\":\"https:\/\/ledegaine.fr\/wp-content\/uploads\/2020\/04\/logo-le-degaine-marseille.png\",\"contentUrl\":\"https:\/\/ledegaine.fr\/wp-content\/uploads\/2020\/04\/logo-le-degaine-marseille.png\",\"width\":512,\"height\":266,\"caption\":\"Le Degaine\"},\"image\":{\"@id\":\"https:\/\/ledegaine.fr\/#\/schema\/logo\/image\/\"},\"sameAs\":[\"https:\/\/www.facebook.com\/sortiedamphi.marseille\",\"https:\/\/instagram.com\/sortiedamphimarseille\/\",\"https:\/\/www.tiktok.com\/@sortiedamphi\"]}]}<\/script>\n<!-- \/ Yoast SEO plugin. -->","yoast_head_json":{"title":"CROUS Aix Marseille Avignon - Le Degaine","robots":{"index":"index","follow":"follow","max-snippet":"max-snippet:-1","max-image-preview":"max-image-preview:large","max-video-preview":"max-video-preview:-1"},"canonical":"https:\/\/ledegaine.fr\/de\/crous-aix-marseille-avignon\/","og_locale":"de_DE","og_type":"article","og_title":"CROUS Aix Marseille Avignon - Le Degaine","og_description":"PARTENAIRE Pr\u00e9sentation du CROUS &#8211; projet \u00ab Le D\u00e9gaine \u00bb L\u2019am\u00e9lioration des conditions de vie des \u00e9tudiants est au c\u0153ur des missions du CROUS, concourant ainsi \u00e0 leur r\u00e9ussite dans leurs \u00e9tudes sup\u00e9rieures. Depuis plus de six d\u00e9cennies, le CROUS contribue \u00e0 l\u2019\u00e9galit\u00e9 des chances des \u00e9tudiants en les aidant \u00e0 subvenir \u00e0 leurs besoins [&hellip;]","og_url":"https:\/\/ledegaine.fr\/de\/crous-aix-marseille-avignon\/","og_site_name":"Le Degaine","article_publisher":"https:\/\/www.facebook.com\/sortiedamphi.marseille","article_modified_time":"2021-07-29T01:50:34+00:00","og_image":[{"width":309,"height":318,"url":"https:\/\/ledegaine.fr\/wp-content\/uploads\/2021\/07\/logo-crous-aix-marseille.png","type":"image\/png"}],"twitter_card":"summary_large_image","twitter_misc":{"Gesch\u00e4tzte Lesezeit":"20\u00a0Minuten"},"schema":{"@context":"https:\/\/schema.org","@graph":[{"@type":"WebPage","@id":"https:\/\/ledegaine.fr\/crous-aix-marseille-avignon\/","url":"https:\/\/ledegaine.fr\/crous-aix-marseille-avignon\/","name":"CROUS Aix Marseille Avignon - Le Degaine","isPartOf":{"@id":"https:\/\/ledegaine.fr\/#website"},"primaryImageOfPage":{"@id":"https:\/\/ledegaine.fr\/crous-aix-marseille-avignon\/#primaryimage"},"image":{"@id":"https:\/\/ledegaine.fr\/crous-aix-marseille-avignon\/#primaryimage"},"thumbnailUrl":"https:\/\/ledegaine.fr\/wp-content\/uploads\/2021\/07\/logo-crous-aix-marseille.png","datePublished":"2021-07-29T01:40:27+00:00","dateModified":"2021-07-29T01:50:34+00:00","breadcrumb":{"@id":"https:\/\/ledegaine.fr\/crous-aix-marseille-avignon\/#breadcrumb"},"inLanguage":"de","potentialAction":[{"@type":"ReadAction","target":["https:\/\/ledegaine.fr\/crous-aix-marseille-avignon\/"]}]},{"@type":"ImageObject","inLanguage":"de","@id":"https:\/\/ledegaine.fr\/crous-aix-marseille-avignon\/#primaryimage","url":"https:\/\/ledegaine.fr\/wp-content\/uploads\/2021\/07\/logo-crous-aix-marseille.png","contentUrl":"https:\/\/ledegaine.fr\/wp-content\/uploads\/2021\/07\/logo-crous-aix-marseille.png"},{"@type":"BreadcrumbList","@id":"https:\/\/ledegaine.fr\/crous-aix-marseille-avignon\/#breadcrumb","itemListElement":[{"@type":"ListItem","position":1,"name":"Accueil","item":"https:\/\/ledegaine.fr\/"},{"@type":"ListItem","position":2,"name":"CROUS Aix Marseille Avignon"}]},{"@type":"WebSite","@id":"https:\/\/ledegaine.fr\/#website","url":"https:\/\/ledegaine.fr\/","name":"Der Degaine","description":"Alle Hilfen der Studenten in Marseille","publisher":{"@id":"https:\/\/ledegaine.fr\/#organization"},"potentialAction":[{"@type":"SearchAction","target":{"@type":"EntryPoint","urlTemplate":"https:\/\/ledegaine.fr\/?s={search_term_string}"},"query-input":{"@type":"PropertyValueSpecification","valueRequired":true,"valueName":"search_term_string"}}],"inLanguage":"de"},{"@type":"Organization","@id":"https:\/\/ledegaine.fr\/#organization","name":"Der Degaine","url":"https:\/\/ledegaine.fr\/","logo":{"@type":"ImageObject","inLanguage":"de","@id":"https:\/\/ledegaine.fr\/#\/schema\/logo\/image\/","url":"https:\/\/ledegaine.fr\/wp-content\/uploads\/2020\/04\/logo-le-degaine-marseille.png","contentUrl":"https:\/\/ledegaine.fr\/wp-content\/uploads\/2020\/04\/logo-le-degaine-marseille.png","width":512,"height":266,"caption":"Le Degaine"},"image":{"@id":"https:\/\/ledegaine.fr\/#\/schema\/logo\/image\/"},"sameAs":["https:\/\/www.facebook.com\/sortiedamphi.marseille","https:\/\/instagram.com\/sortiedamphimarseille\/","https:\/\/www.tiktok.com\/@sortiedamphi"]}]}},"_links":{"self":[{"href":"https:\/\/ledegaine.fr\/de\/wp-json\/wp\/v2\/pages\/12183","targetHints":{"allow":["GET"]}}],"collection":[{"href":"https:\/\/ledegaine.fr\/de\/wp-json\/wp\/v2\/pages"}],"about":[{"href":"https:\/\/ledegaine.fr\/de\/wp-json\/wp\/v2\/types\/page"}],"author":[{"embeddable":true,"href":"https:\/\/ledegaine.fr\/de\/wp-json\/wp\/v2\/users\/2"}],"replies":[{"embeddable":true,"href":"https:\/\/ledegaine.fr\/de\/wp-json\/wp\/v2\/comments?post=12183"}],"version-history":[{"count":0,"href":"https:\/\/ledegaine.fr\/de\/wp-json\/wp\/v2\/pages\/12183\/revisions"}],"wp:attachment":[{"href":"https:\/\/ledegaine.fr\/de\/wp-json\/wp\/v2\/media?parent=12183"}],"curies":[{"name":"wp","href":"https:\/\/api.w.org\/{rel}","templated":true}]}}