{"id":12089,"date":"2021-07-27T17:44:38","date_gmt":"2021-07-27T15:44:38","guid":{"rendered":"https:\/\/ledegaine.fr\/?page_id=12089"},"modified":"2021-07-29T03:51:07","modified_gmt":"2021-07-29T01:51:07","slug":"ville-de-marseille","status":"publish","type":"page","link":"https:\/\/ledegaine.fr\/de\/ville-de-marseille\/","title":{"rendered":"Stadt Marseille"},"content":{"rendered":"<div data-elementor-type=\"wp-post\" data-elementor-id=\"12089\" class=\"elementor elementor-12089\" data-elementor-post-type=\"page\">\n\t\t\t\t\t\t<section class=\"elementor-section elementor-top-section elementor-element elementor-element-1186563 elementor-section-content-middle elementor-section-boxed elementor-section-height-default elementor-section-height-default\" data-id=\"1186563\" data-element_type=\"section\" data-e-type=\"section\">\n\t\t\t\t\t\t<div class=\"elementor-container elementor-column-gap-default\">\n\t\t\t\t\t<div class=\"elementor-column elementor-col-100 elementor-top-column elementor-element elementor-element-dfba4dc\" data-id=\"dfba4dc\" data-element_type=\"column\" data-e-type=\"column\">\n\t\t\t<div class=\"elementor-widget-wrap elementor-element-populated\">\n\t\t\t\t\t\t<div class=\"elementor-element elementor-element-54f04ad elementor-widget elementor-widget-heading\" data-id=\"54f04ad\" data-element_type=\"widget\" data-e-type=\"widget\" data-widget_type=\"heading.default\">\n\t\t\t\t<div class=\"elementor-widget-container\">\n\t\t\t\t\t<h2 class=\"elementor-heading-title elementor-size-default\">PARTNER<\/h2>\t\t\t\t<\/div>\n\t\t\t\t<\/div>\n\t\t\t\t<div class=\"elementor-element elementor-element-00a8b18 elementor-widget elementor-widget-image\" data-id=\"00a8b18\" data-element_type=\"widget\" data-e-type=\"widget\" data-widget_type=\"image.default\">\n\t\t\t\t<div class=\"elementor-widget-container\">\n\t\t\t\t\t\t\t\t\t\t\t\t\t\t\t<img fetchpriority=\"high\" decoding=\"async\" width=\"591\" height=\"211\" src=\"https:\/\/ledegaine.fr\/wp-content\/uploads\/2021\/07\/logo-ville-marseille.png\" class=\"attachment-large size-large wp-image-11778\" alt=\"\" srcset=\"https:\/\/ledegaine.fr\/wp-content\/uploads\/2021\/07\/logo-ville-marseille.png 591w, https:\/\/ledegaine.fr\/wp-content\/uploads\/2021\/07\/logo-ville-marseille-300x107.png 300w\" sizes=\"(max-width: 591px) 100vw, 591px\" \/>\t\t\t\t\t\t\t\t\t\t\t\t\t\t\t<\/div>\n\t\t\t\t<\/div>\n\t\t\t\t\t<\/div>\n\t\t<\/div>\n\t\t\t\t\t<\/div>\n\t\t<\/section>\n\t\t\t\t<section class=\"elementor-section elementor-top-section elementor-element elementor-element-45d2d6d elementor-section-boxed elementor-section-height-default elementor-section-height-default\" data-id=\"45d2d6d\" data-element_type=\"section\" data-e-type=\"section\">\n\t\t\t\t\t\t<div class=\"elementor-container elementor-column-gap-default\">\n\t\t\t\t\t<div class=\"elementor-column elementor-col-100 elementor-top-column elementor-element elementor-element-9e42802\" data-id=\"9e42802\" data-element_type=\"column\" data-e-type=\"column\">\n\t\t\t<div class=\"elementor-widget-wrap elementor-element-populated\">\n\t\t\t\t\t\t<div class=\"elementor-element elementor-element-f1da665 elementor-widget elementor-widget-image\" data-id=\"f1da665\" data-element_type=\"widget\" data-e-type=\"widget\" data-widget_type=\"image.default\">\n\t\t\t\t<div class=\"elementor-widget-container\">\n\t\t\t\t\t\t\t\t\t\t\t\t\t\t\t<img decoding=\"async\" width=\"794\" height=\"427\" src=\"https:\/\/ledegaine.fr\/wp-content\/uploads\/2021\/07\/marseille.jpg\" class=\"attachment-large size-large wp-image-12091\" alt=\"\" srcset=\"https:\/\/ledegaine.fr\/wp-content\/uploads\/2021\/07\/marseille.jpg 794w, https:\/\/ledegaine.fr\/wp-content\/uploads\/2021\/07\/marseille-300x161.jpg 300w, https:\/\/ledegaine.fr\/wp-content\/uploads\/2021\/07\/marseille-768x413.jpg 768w\" sizes=\"(max-width: 794px) 100vw, 794px\" \/>\t\t\t\t\t\t\t\t\t\t\t\t\t\t\t<\/div>\n\t\t\t\t<\/div>\n\t\t\t\t\t<\/div>\n\t\t<\/div>\n\t\t\t\t\t<\/div>\n\t\t<\/section>\n\t\t\t\t<section class=\"elementor-section elementor-top-section elementor-element elementor-element-18941e0 elementor-section-boxed elementor-section-height-default elementor-section-height-default\" data-id=\"18941e0\" data-element_type=\"section\" data-e-type=\"section\">\n\t\t\t\t\t\t<div class=\"elementor-container elementor-column-gap-default\">\n\t\t\t\t\t<div class=\"elementor-column elementor-col-100 elementor-top-column elementor-element elementor-element-75bd121\" data-id=\"75bd121\" data-element_type=\"column\" data-e-type=\"column\" data-settings=\"{&quot;background_background&quot;:&quot;classic&quot;}\">\n\t\t\t<div class=\"elementor-widget-wrap elementor-element-populated\">\n\t\t\t\t\t\t<div class=\"elementor-element elementor-element-56b8314 elementor-widget elementor-widget-heading\" data-id=\"56b8314\" data-element_type=\"widget\" data-e-type=\"widget\" data-widget_type=\"heading.default\">\n\t\t\t\t<div class=\"elementor-widget-container\">\n\t\t\t\t\t<div class=\"elementor-heading-title elementor-size-default\">Stadt Marseille<\/div>\t\t\t\t<\/div>\n\t\t\t\t<\/div>\n\t\t\t\t<div class=\"elementor-element elementor-element-f869f10 elementor-widget elementor-widget-text-editor\" data-id=\"f869f10\" data-element_type=\"widget\" data-e-type=\"widget\" data-widget_type=\"text-editor.default\">\n\t\t\t\t<div class=\"elementor-widget-container\">\n\t\t\t\t\t\t\t\t\t<p>Die Stadt Marseille hat sich zum Ziel gesetzt, zur Verbesserung der Aufnahme- und Lebensbedingungen von Studierenden beizutragen, da diese entscheidende Faktoren f\u00fcr den Erfolg in der Hochschulbildung sind.<\/p><p>Diese proaktive Politik zugunsten von Studierenden \u00e4u\u00dfert sich insbesondere in der Unterst\u00fctzung von Ma\u00dfnahmen, die von verschiedenen Organisationen und Vereinigungen durchgef\u00fchrt werden, deren Aufgaben und Projekte mit den Zielen dieser Politik zusammenh\u00e4ngen.<\/p><p>W\u00e4hrend des Jahres 2020 r\u00fcckte die Gesundheitskrise von COVID-19 die prek\u00e4ren Situationen von Studenten in den Vordergrund und die Stadt Marseille mobilisierte sich an der Seite ihrer institutionellen und assoziativen Partner, um Notl\u00f6sungen anzubieten.<\/p><p>Im Januar 2021 fand ein vom Rektorat der akademischen Region Provence-Alpes-C\u00f4te d'Azur zusammen mit der Stadt Marseille organisierter Workshop zum Thema studentische Prekarit\u00e4t statt, an dem alle lokalen Akteure teilnahmen, die sich f\u00fcr die Bek\u00e4mpfung der studentischen Prekarit\u00e4t einsetzen.<\/p><p>Daher werden die Ma\u00dfnahmen der Stadt Marseille 2021\/2022 besonders auf die Bek\u00e4mpfung der durch die Gesundheitskrise versch\u00e4rften prek\u00e4ren Lage der Studierenden ausgerichtet sein, wobei ein besonderes Augenmerk auf die Information und den erleichterten Zugang zu Hilfsmitteln f\u00fcr Studierende gelegt wird.<\/p><p><strong>Aus diesem Grund unterst\u00fctzt die Stadt Marseille \"Le D\u00e9gaine\", das von Sortie d'Amphi getragen wird.<\/strong><\/p>\t\t\t\t\t\t\t\t<\/div>\n\t\t\t\t<\/div>\n\t\t\t\t<div class=\"elementor-element elementor-element-9fdd06b elementor-widget__width-initial elementor-absolute elementor-widget elementor-widget-image\" data-id=\"9fdd06b\" data-element_type=\"widget\" data-e-type=\"widget\" data-settings=\"{&quot;_position&quot;:&quot;absolute&quot;}\" data-widget_type=\"image.default\">\n\t\t\t\t<div class=\"elementor-widget-container\">\n\t\t\t\t\t\t\t\t\t\t\t\t\t\t\t<img decoding=\"async\" width=\"50\" height=\"50\" src=\"https:\/\/ledegaine.fr\/wp-content\/uploads\/2021\/07\/pucs.png\" class=\"attachment-large size-large wp-image-11993\" alt=\"\" \/>\t\t\t\t\t\t\t\t\t\t\t\t\t\t\t<\/div>\n\t\t\t\t<\/div>\n\t\t\t\t\t<\/div>\n\t\t<\/div>\n\t\t\t\t\t<\/div>\n\t\t<\/section>\n\t\t\t\t<\/div>","protected":false},"excerpt":{"rendered":"<p>PARTENAIRE Ville de Marseille La Ville de Marseille a pour objectif de contribuer \u00e0 l\u2019am\u00e9lioration des conditions d\u2019accueil et de vie des \u00e9tudiants, dans la mesure o\u00f9 celles-ci constituent des facteurs d\u00e9terminants de r\u00e9ussite dans les \u00e9tudes sup\u00e9rieures. Cette politique volontariste en faveur des \u00e9tudiants se traduit notamment par le soutien d&rsquo;actions mises en \u0153uvre [&hellip;]<\/p>\n","protected":false},"author":2,"featured_media":0,"parent":0,"menu_order":0,"comment_status":"closed","ping_status":"closed","template":"elementor_header_footer","meta":{"_acf_changed":false,"inline_featured_image":false,"footnotes":""},"class_list":["post-12089","page","type-page","status-publish","hentry"],"acf":[],"yoast_head":"<!-- This site is optimized with the Yoast SEO plugin v27.0 - https:\/\/yoast.com\/product\/yoast-seo-wordpress\/ -->\n<title>Ville de Marseille - Le Degaine<\/title>\n<meta name=\"robots\" content=\"index, follow, max-snippet:-1, max-image-preview:large, max-video-preview:-1\" \/>\n<link rel=\"canonical\" href=\"https:\/\/ledegaine.fr\/de\/ville-de-marseille\/\" \/>\n<meta property=\"og:locale\" content=\"de_DE\" \/>\n<meta property=\"og:type\" content=\"article\" \/>\n<meta property=\"og:title\" content=\"Ville de Marseille - Le Degaine\" \/>\n<meta property=\"og:description\" content=\"PARTENAIRE Ville de Marseille La Ville de Marseille a pour objectif de contribuer \u00e0 l\u2019am\u00e9lioration des conditions d\u2019accueil et de vie des \u00e9tudiants, dans la mesure o\u00f9 celles-ci constituent des facteurs d\u00e9terminants de r\u00e9ussite dans les \u00e9tudes sup\u00e9rieures. Cette politique volontariste en faveur des \u00e9tudiants se traduit notamment par le soutien d&rsquo;actions mises en \u0153uvre [&hellip;]\" \/>\n<meta property=\"og:url\" content=\"https:\/\/ledegaine.fr\/de\/ville-de-marseille\/\" \/>\n<meta property=\"og:site_name\" content=\"Le Degaine\" \/>\n<meta property=\"article:publisher\" content=\"https:\/\/www.facebook.com\/sortiedamphi.marseille\" \/>\n<meta property=\"article:modified_time\" content=\"2021-07-29T01:51:07+00:00\" \/>\n<meta property=\"og:image\" content=\"https:\/\/ledegaine.fr\/wp-content\/uploads\/2021\/07\/logo-ville-marseille.png\" \/>\n\t<meta property=\"og:image:width\" content=\"591\" \/>\n\t<meta property=\"og:image:height\" content=\"211\" \/>\n\t<meta property=\"og:image:type\" content=\"image\/png\" \/>\n<meta name=\"twitter:card\" content=\"summary_large_image\" \/>\n<meta name=\"twitter:label1\" content=\"Gesch\u00e4tzte Lesezeit\" \/>\n\t<meta name=\"twitter:data1\" content=\"20\u00a0Minuten\" \/>\n<script type=\"application\/ld+json\" class=\"yoast-schema-graph\">{\"@context\":\"https:\/\/schema.org\",\"@graph\":[{\"@type\":\"WebPage\",\"@id\":\"https:\/\/ledegaine.fr\/ville-de-marseille\/\",\"url\":\"https:\/\/ledegaine.fr\/ville-de-marseille\/\",\"name\":\"Ville de Marseille - Le Degaine\",\"isPartOf\":{\"@id\":\"https:\/\/ledegaine.fr\/#website\"},\"primaryImageOfPage\":{\"@id\":\"https:\/\/ledegaine.fr\/ville-de-marseille\/#primaryimage\"},\"image\":{\"@id\":\"https:\/\/ledegaine.fr\/ville-de-marseille\/#primaryimage\"},\"thumbnailUrl\":\"https:\/\/ledegaine.fr\/wp-content\/uploads\/2021\/07\/logo-ville-marseille.png\",\"datePublished\":\"2021-07-27T15:44:38+00:00\",\"dateModified\":\"2021-07-29T01:51:07+00:00\",\"breadcrumb\":{\"@id\":\"https:\/\/ledegaine.fr\/ville-de-marseille\/#breadcrumb\"},\"inLanguage\":\"de\",\"potentialAction\":[{\"@type\":\"ReadAction\",\"target\":[\"https:\/\/ledegaine.fr\/ville-de-marseille\/\"]}]},{\"@type\":\"ImageObject\",\"inLanguage\":\"de\",\"@id\":\"https:\/\/ledegaine.fr\/ville-de-marseille\/#primaryimage\",\"url\":\"https:\/\/ledegaine.fr\/wp-content\/uploads\/2021\/07\/logo-ville-marseille.png\",\"contentUrl\":\"https:\/\/ledegaine.fr\/wp-content\/uploads\/2021\/07\/logo-ville-marseille.png\"},{\"@type\":\"BreadcrumbList\",\"@id\":\"https:\/\/ledegaine.fr\/ville-de-marseille\/#breadcrumb\",\"itemListElement\":[{\"@type\":\"ListItem\",\"position\":1,\"name\":\"Accueil\",\"item\":\"https:\/\/ledegaine.fr\/\"},{\"@type\":\"ListItem\",\"position\":2,\"name\":\"Ville de Marseille\"}]},{\"@type\":\"WebSite\",\"@id\":\"https:\/\/ledegaine.fr\/#website\",\"url\":\"https:\/\/ledegaine.fr\/\",\"name\":\"Le Degaine\",\"description\":\"Toutes les aides des \u00e9tudiants marseillais\",\"publisher\":{\"@id\":\"https:\/\/ledegaine.fr\/#organization\"},\"potentialAction\":[{\"@type\":\"SearchAction\",\"target\":{\"@type\":\"EntryPoint\",\"urlTemplate\":\"https:\/\/ledegaine.fr\/?s={search_term_string}\"},\"query-input\":{\"@type\":\"PropertyValueSpecification\",\"valueRequired\":true,\"valueName\":\"search_term_string\"}}],\"inLanguage\":\"de\"},{\"@type\":\"Organization\",\"@id\":\"https:\/\/ledegaine.fr\/#organization\",\"name\":\"Le Degaine\",\"url\":\"https:\/\/ledegaine.fr\/\",\"logo\":{\"@type\":\"ImageObject\",\"inLanguage\":\"de\",\"@id\":\"https:\/\/ledegaine.fr\/#\/schema\/logo\/image\/\",\"url\":\"https:\/\/ledegaine.fr\/wp-content\/uploads\/2020\/04\/logo-le-degaine-marseille.png\",\"contentUrl\":\"https:\/\/ledegaine.fr\/wp-content\/uploads\/2020\/04\/logo-le-degaine-marseille.png\",\"width\":512,\"height\":266,\"caption\":\"Le Degaine\"},\"image\":{\"@id\":\"https:\/\/ledegaine.fr\/#\/schema\/logo\/image\/\"},\"sameAs\":[\"https:\/\/www.facebook.com\/sortiedamphi.marseille\",\"https:\/\/instagram.com\/sortiedamphimarseille\/\",\"https:\/\/www.tiktok.com\/@sortiedamphi\"]}]}<\/script>\n<!-- \/ Yoast SEO plugin. -->","yoast_head_json":{"title":"Ville de Marseille - Le Degaine","robots":{"index":"index","follow":"follow","max-snippet":"max-snippet:-1","max-image-preview":"max-image-preview:large","max-video-preview":"max-video-preview:-1"},"canonical":"https:\/\/ledegaine.fr\/de\/ville-de-marseille\/","og_locale":"de_DE","og_type":"article","og_title":"Ville de Marseille - Le Degaine","og_description":"PARTENAIRE Ville de Marseille La Ville de Marseille a pour objectif de contribuer \u00e0 l\u2019am\u00e9lioration des conditions d\u2019accueil et de vie des \u00e9tudiants, dans la mesure o\u00f9 celles-ci constituent des facteurs d\u00e9terminants de r\u00e9ussite dans les \u00e9tudes sup\u00e9rieures. Cette politique volontariste en faveur des \u00e9tudiants se traduit notamment par le soutien d&rsquo;actions mises en \u0153uvre [&hellip;]","og_url":"https:\/\/ledegaine.fr\/de\/ville-de-marseille\/","og_site_name":"Le Degaine","article_publisher":"https:\/\/www.facebook.com\/sortiedamphi.marseille","article_modified_time":"2021-07-29T01:51:07+00:00","og_image":[{"width":591,"height":211,"url":"https:\/\/ledegaine.fr\/wp-content\/uploads\/2021\/07\/logo-ville-marseille.png","type":"image\/png"}],"twitter_card":"summary_large_image","twitter_misc":{"Gesch\u00e4tzte Lesezeit":"20\u00a0Minuten"},"schema":{"@context":"https:\/\/schema.org","@graph":[{"@type":"WebPage","@id":"https:\/\/ledegaine.fr\/ville-de-marseille\/","url":"https:\/\/ledegaine.fr\/ville-de-marseille\/","name":"Ville de Marseille - Le Degaine","isPartOf":{"@id":"https:\/\/ledegaine.fr\/#website"},"primaryImageOfPage":{"@id":"https:\/\/ledegaine.fr\/ville-de-marseille\/#primaryimage"},"image":{"@id":"https:\/\/ledegaine.fr\/ville-de-marseille\/#primaryimage"},"thumbnailUrl":"https:\/\/ledegaine.fr\/wp-content\/uploads\/2021\/07\/logo-ville-marseille.png","datePublished":"2021-07-27T15:44:38+00:00","dateModified":"2021-07-29T01:51:07+00:00","breadcrumb":{"@id":"https:\/\/ledegaine.fr\/ville-de-marseille\/#breadcrumb"},"inLanguage":"de","potentialAction":[{"@type":"ReadAction","target":["https:\/\/ledegaine.fr\/ville-de-marseille\/"]}]},{"@type":"ImageObject","inLanguage":"de","@id":"https:\/\/ledegaine.fr\/ville-de-marseille\/#primaryimage","url":"https:\/\/ledegaine.fr\/wp-content\/uploads\/2021\/07\/logo-ville-marseille.png","contentUrl":"https:\/\/ledegaine.fr\/wp-content\/uploads\/2021\/07\/logo-ville-marseille.png"},{"@type":"BreadcrumbList","@id":"https:\/\/ledegaine.fr\/ville-de-marseille\/#breadcrumb","itemListElement":[{"@type":"ListItem","position":1,"name":"Accueil","item":"https:\/\/ledegaine.fr\/"},{"@type":"ListItem","position":2,"name":"Ville de Marseille"}]},{"@type":"WebSite","@id":"https:\/\/ledegaine.fr\/#website","url":"https:\/\/ledegaine.fr\/","name":"Der Degaine","description":"Alle Hilfen der Studenten in Marseille","publisher":{"@id":"https:\/\/ledegaine.fr\/#organization"},"potentialAction":[{"@type":"SearchAction","target":{"@type":"EntryPoint","urlTemplate":"https:\/\/ledegaine.fr\/?s={search_term_string}"},"query-input":{"@type":"PropertyValueSpecification","valueRequired":true,"valueName":"search_term_string"}}],"inLanguage":"de"},{"@type":"Organization","@id":"https:\/\/ledegaine.fr\/#organization","name":"Der Degaine","url":"https:\/\/ledegaine.fr\/","logo":{"@type":"ImageObject","inLanguage":"de","@id":"https:\/\/ledegaine.fr\/#\/schema\/logo\/image\/","url":"https:\/\/ledegaine.fr\/wp-content\/uploads\/2020\/04\/logo-le-degaine-marseille.png","contentUrl":"https:\/\/ledegaine.fr\/wp-content\/uploads\/2020\/04\/logo-le-degaine-marseille.png","width":512,"height":266,"caption":"Le Degaine"},"image":{"@id":"https:\/\/ledegaine.fr\/#\/schema\/logo\/image\/"},"sameAs":["https:\/\/www.facebook.com\/sortiedamphi.marseille","https:\/\/instagram.com\/sortiedamphimarseille\/","https:\/\/www.tiktok.com\/@sortiedamphi"]}]}},"_links":{"self":[{"href":"https:\/\/ledegaine.fr\/de\/wp-json\/wp\/v2\/pages\/12089","targetHints":{"allow":["GET"]}}],"collection":[{"href":"https:\/\/ledegaine.fr\/de\/wp-json\/wp\/v2\/pages"}],"about":[{"href":"https:\/\/ledegaine.fr\/de\/wp-json\/wp\/v2\/types\/page"}],"author":[{"embeddable":true,"href":"https:\/\/ledegaine.fr\/de\/wp-json\/wp\/v2\/users\/2"}],"replies":[{"embeddable":true,"href":"https:\/\/ledegaine.fr\/de\/wp-json\/wp\/v2\/comments?post=12089"}],"version-history":[{"count":0,"href":"https:\/\/ledegaine.fr\/de\/wp-json\/wp\/v2\/pages\/12089\/revisions"}],"wp:attachment":[{"href":"https:\/\/ledegaine.fr\/de\/wp-json\/wp\/v2\/media?parent=12089"}],"curies":[{"name":"wp","href":"https:\/\/api.w.org\/{rel}","templated":true}]}}